{"id":5486,"date":"2025-11-04T15:25:15","date_gmt":"2025-11-04T14:25:15","guid":{"rendered":"https:\/\/www.ski-freunde-kuppenheim.de\/wp\/?page_id=5486"},"modified":"2025-11-04T15:25:15","modified_gmt":"2025-11-04T14:25:15","slug":"saisoneroeffnung-im-neuen-outfit","status":"publish","type":"page","link":"https:\/\/www.ski-freunde-kuppenheim.de\/wp\/saisoneroeffnung-im-neuen-outfit\/","title":{"rendered":"Saisoner\u00f6ffnung im neuen Outfit"},"content":{"rendered":"<div class=\"wp-block-image\">\n<figure class=\"aligncenter size-large\"><a href=\"https:\/\/www.ski-freunde-kuppenheim.de\/wp\/wp-content\/uploads\/2025\/11\/anzuege.jpg\"><img loading=\"lazy\" decoding=\"async\" width=\"1024\" height=\"515\" src=\"https:\/\/www.ski-freunde-kuppenheim.de\/wp\/wp-content\/uploads\/2025\/11\/anzuege-1024x515.jpg\" alt=\"\" class=\"wp-image-5488\" srcset=\"https:\/\/www.ski-freunde-kuppenheim.de\/wp\/wp-content\/uploads\/2025\/11\/anzuege-1024x515.jpg 1024w, https:\/\/www.ski-freunde-kuppenheim.de\/wp\/wp-content\/uploads\/2025\/11\/anzuege-300x151.jpg 300w, https:\/\/www.ski-freunde-kuppenheim.de\/wp\/wp-content\/uploads\/2025\/11\/anzuege-768x386.jpg 768w, https:\/\/www.ski-freunde-kuppenheim.de\/wp\/wp-content\/uploads\/2025\/11\/anzuege.jpg 1162w\" sizes=\"auto, (max-width: 1024px) 100vw, 1024px\" \/><\/a><\/figure>\n<\/div>\n\n\n<p>Die diesj\u00e4hrige Saisoner\u00f6ffnung in S\u00f6lden w\u00e4hrend der Herbstferien war ein voller Erfolg! Vier fantastische Tage erwarteten 40 Skifreunde \u2013 und sie wurden mit allem belohnt, was das Skifahrerherz h\u00f6her schlagen l\u00e4sst.<\/p>\n\n\n\n<p>Von frischem Neuschnee bis hin zu strahlendem Sonnenschein bot das Wetter eine traumhafte Kulisse f\u00fcr unsere ersten Schw\u00fcnge der Saison. Die Pistenbedingungen waren hervorragend und erm\u00f6glichten allen Teilnehmern ein sicheres und spa\u00dfreiches Skierlebnis.<\/p>\n\n\n\n<p>Ein besonderes Highlight war die engagierte Skibetreuung: Unser junges Skilehrerteam begeisterte mit viel Freude, Fachwissen, Motivation und Herzlichkeit. Die Kinder und Jugendlichen wurden individuell betreut \u2013 ob erste Fahrversuche oder Feinschliff, f\u00fcr alle war etwas dabei.<\/p>\n\n\n\n<p>Untergebracht waren wir in der gem\u00fctlichen DAV-H\u00fctte in Zwieselstein, die mit ihrer urigen Atmosph\u00e4re und der perfekten Lage den idealen Ausgangspunkt f\u00fcr unsere Skitage bot. Gemeinsame Abende, gutes Essen und viele sch\u00f6ne Gespr\u00e4che rundeten das Erlebnis ab.<\/p>\n\n\n\n<p>Ein Wermutstropfen war der Skiunfall von Micha. Wir w\u00fcnschen ihm auf diesem Wege eine schnelle und vollst\u00e4ndige Genesung \u2013 gute Besserung, Micha!<\/p>\n\n\n\n<p><strong>Fazit:<\/strong> Vier super Tage, die Lust auf mehr machen! Die Saison ist er\u00f6ffnet \u2013 und wir freuen uns schon jetzt auf die n\u00e4chsten gemeinsamen Abenteuer im Schnee.<\/p>\n\n\n\n<figure class=\"wp-block-gallery has-nested-images columns-default is-cropped wp-block-gallery-1 is-layout-flex wp-block-gallery-is-layout-flex\">\n<figure class=\"wp-block-image size-large\"><a href=\"https:\/\/www.ski-freunde-kuppenheim.de\/wp\/wp-content\/uploads\/2025\/11\/1b386a8f-3ea6-4455-b329-b725f8cf7891-Kopie.jpg\"><img loading=\"lazy\" decoding=\"async\" width=\"1024\" height=\"768\" data-id=\"5491\" src=\"https:\/\/www.ski-freunde-kuppenheim.de\/wp\/wp-content\/uploads\/2025\/11\/1b386a8f-3ea6-4455-b329-b725f8cf7891-Kopie-1024x768.jpg\" alt=\"\" class=\"wp-image-5491\" srcset=\"https:\/\/www.ski-freunde-kuppenheim.de\/wp\/wp-content\/uploads\/2025\/11\/1b386a8f-3ea6-4455-b329-b725f8cf7891-Kopie-1024x768.jpg 1024w, https:\/\/www.ski-freunde-kuppenheim.de\/wp\/wp-content\/uploads\/2025\/11\/1b386a8f-3ea6-4455-b329-b725f8cf7891-Kopie-300x225.jpg 300w, https:\/\/www.ski-freunde-kuppenheim.de\/wp\/wp-content\/uploads\/2025\/11\/1b386a8f-3ea6-4455-b329-b725f8cf7891-Kopie-768x576.jpg 768w, https:\/\/www.ski-freunde-kuppenheim.de\/wp\/wp-content\/uploads\/2025\/11\/1b386a8f-3ea6-4455-b329-b725f8cf7891-Kopie-1536x1152.jpg 1536w, https:\/\/www.ski-freunde-kuppenheim.de\/wp\/wp-content\/uploads\/2025\/11\/1b386a8f-3ea6-4455-b329-b725f8cf7891-Kopie.jpg 1600w\" sizes=\"auto, (max-width: 1024px) 100vw, 1024px\" \/><\/a><\/figure>\n\n\n\n<figure class=\"wp-block-image size-large\"><a href=\"https:\/\/www.ski-freunde-kuppenheim.de\/wp\/wp-content\/uploads\/2025\/11\/b2cc4aaa-25e8-4576-a2c0-96e409918357-scaled.jpg\"><img loading=\"lazy\" decoding=\"async\" width=\"1024\" height=\"768\" data-id=\"5497\" src=\"https:\/\/www.ski-freunde-kuppenheim.de\/wp\/wp-content\/uploads\/2025\/11\/b2cc4aaa-25e8-4576-a2c0-96e409918357-1024x768.jpg\" alt=\"\" class=\"wp-image-5497\" srcset=\"https:\/\/www.ski-freunde-kuppenheim.de\/wp\/wp-content\/uploads\/2025\/11\/b2cc4aaa-25e8-4576-a2c0-96e409918357-1024x768.jpg 1024w, https:\/\/www.ski-freunde-kuppenheim.de\/wp\/wp-content\/uploads\/2025\/11\/b2cc4aaa-25e8-4576-a2c0-96e409918357-300x225.jpg 300w, https:\/\/www.ski-freunde-kuppenheim.de\/wp\/wp-content\/uploads\/2025\/11\/b2cc4aaa-25e8-4576-a2c0-96e409918357-768x576.jpg 768w, https:\/\/www.ski-freunde-kuppenheim.de\/wp\/wp-content\/uploads\/2025\/11\/b2cc4aaa-25e8-4576-a2c0-96e409918357-1536x1152.jpg 1536w, https:\/\/www.ski-freunde-kuppenheim.de\/wp\/wp-content\/uploads\/2025\/11\/b2cc4aaa-25e8-4576-a2c0-96e409918357-2048x1536.jpg 2048w\" sizes=\"auto, (max-width: 1024px) 100vw, 1024px\" \/><\/a><\/figure>\n\n\n\n<figure class=\"wp-block-image size-large\"><a href=\"https:\/\/www.ski-freunde-kuppenheim.de\/wp\/wp-content\/uploads\/2025\/11\/b370f13b-1e97-4f8c-995b-666c5514ba51-1.jpg\"><img loading=\"lazy\" decoding=\"async\" width=\"1024\" height=\"768\" data-id=\"5492\" src=\"https:\/\/www.ski-freunde-kuppenheim.de\/wp\/wp-content\/uploads\/2025\/11\/b370f13b-1e97-4f8c-995b-666c5514ba51-1-1024x768.jpg\" alt=\"\" class=\"wp-image-5492\" srcset=\"https:\/\/www.ski-freunde-kuppenheim.de\/wp\/wp-content\/uploads\/2025\/11\/b370f13b-1e97-4f8c-995b-666c5514ba51-1-1024x768.jpg 1024w, https:\/\/www.ski-freunde-kuppenheim.de\/wp\/wp-content\/uploads\/2025\/11\/b370f13b-1e97-4f8c-995b-666c5514ba51-1-300x225.jpg 300w, https:\/\/www.ski-freunde-kuppenheim.de\/wp\/wp-content\/uploads\/2025\/11\/b370f13b-1e97-4f8c-995b-666c5514ba51-1-768x576.jpg 768w, https:\/\/www.ski-freunde-kuppenheim.de\/wp\/wp-content\/uploads\/2025\/11\/b370f13b-1e97-4f8c-995b-666c5514ba51-1-1536x1152.jpg 1536w, https:\/\/www.ski-freunde-kuppenheim.de\/wp\/wp-content\/uploads\/2025\/11\/b370f13b-1e97-4f8c-995b-666c5514ba51-1.jpg 1600w\" sizes=\"auto, (max-width: 1024px) 100vw, 1024px\" \/><\/a><\/figure>\n\n\n\n<figure class=\"wp-block-image size-large\"><a href=\"https:\/\/www.ski-freunde-kuppenheim.de\/wp\/wp-content\/uploads\/2025\/11\/fdfe4407-abea-43ca-8776-2be707c01878.jpg\"><img loading=\"lazy\" decoding=\"async\" width=\"576\" height=\"1024\" data-id=\"5490\" src=\"https:\/\/www.ski-freunde-kuppenheim.de\/wp\/wp-content\/uploads\/2025\/11\/fdfe4407-abea-43ca-8776-2be707c01878-576x1024.jpg\" alt=\"\" class=\"wp-image-5490\" srcset=\"https:\/\/www.ski-freunde-kuppenheim.de\/wp\/wp-content\/uploads\/2025\/11\/fdfe4407-abea-43ca-8776-2be707c01878-576x1024.jpg 576w, https:\/\/www.ski-freunde-kuppenheim.de\/wp\/wp-content\/uploads\/2025\/11\/fdfe4407-abea-43ca-8776-2be707c01878-169x300.jpg 169w, https:\/\/www.ski-freunde-kuppenheim.de\/wp\/wp-content\/uploads\/2025\/11\/fdfe4407-abea-43ca-8776-2be707c01878-768x1365.jpg 768w, https:\/\/www.ski-freunde-kuppenheim.de\/wp\/wp-content\/uploads\/2025\/11\/fdfe4407-abea-43ca-8776-2be707c01878-864x1536.jpg 864w, https:\/\/www.ski-freunde-kuppenheim.de\/wp\/wp-content\/uploads\/2025\/11\/fdfe4407-abea-43ca-8776-2be707c01878.jpg 900w\" sizes=\"auto, (max-width: 576px) 100vw, 576px\" \/><\/a><\/figure>\n\n\n\n<figure class=\"wp-block-image size-large\"><a href=\"https:\/\/www.ski-freunde-kuppenheim.de\/wp\/wp-content\/uploads\/2025\/11\/IMG_0493.jpg\"><img loading=\"lazy\" decoding=\"async\" width=\"693\" height=\"1024\" data-id=\"5489\" src=\"https:\/\/www.ski-freunde-kuppenheim.de\/wp\/wp-content\/uploads\/2025\/11\/IMG_0493-693x1024.jpg\" alt=\"\" class=\"wp-image-5489\" srcset=\"https:\/\/www.ski-freunde-kuppenheim.de\/wp\/wp-content\/uploads\/2025\/11\/IMG_0493-693x1024.jpg 693w, https:\/\/www.ski-freunde-kuppenheim.de\/wp\/wp-content\/uploads\/2025\/11\/IMG_0493-203x300.jpg 203w, https:\/\/www.ski-freunde-kuppenheim.de\/wp\/wp-content\/uploads\/2025\/11\/IMG_0493.jpg 757w\" sizes=\"auto, (max-width: 693px) 100vw, 693px\" \/><\/a><figcaption class=\"wp-element-caption\">Screenshot<\/figcaption><\/figure>\n\n\n\n<figure class=\"wp-block-image size-large\"><a href=\"https:\/\/www.ski-freunde-kuppenheim.de\/wp\/wp-content\/uploads\/2025\/11\/IMG_2714-Kopie-scaled.jpg\"><img loading=\"lazy\" decoding=\"async\" width=\"1024\" height=\"768\" data-id=\"5495\" src=\"https:\/\/www.ski-freunde-kuppenheim.de\/wp\/wp-content\/uploads\/2025\/11\/IMG_2714-Kopie-1024x768.jpg\" alt=\"\" class=\"wp-image-5495\" srcset=\"https:\/\/www.ski-freunde-kuppenheim.de\/wp\/wp-content\/uploads\/2025\/11\/IMG_2714-Kopie-1024x768.jpg 1024w, https:\/\/www.ski-freunde-kuppenheim.de\/wp\/wp-content\/uploads\/2025\/11\/IMG_2714-Kopie-300x225.jpg 300w, https:\/\/www.ski-freunde-kuppenheim.de\/wp\/wp-content\/uploads\/2025\/11\/IMG_2714-Kopie-768x576.jpg 768w, https:\/\/www.ski-freunde-kuppenheim.de\/wp\/wp-content\/uploads\/2025\/11\/IMG_2714-Kopie-1536x1152.jpg 1536w, https:\/\/www.ski-freunde-kuppenheim.de\/wp\/wp-content\/uploads\/2025\/11\/IMG_2714-Kopie-2048x1536.jpg 2048w\" sizes=\"auto, (max-width: 1024px) 100vw, 1024px\" \/><\/a><\/figure>\n\n\n\n<figure class=\"wp-block-image size-large\"><a href=\"https:\/\/www.ski-freunde-kuppenheim.de\/wp\/wp-content\/uploads\/2025\/11\/IMG_2724-scaled.jpg\"><img loading=\"lazy\" decoding=\"async\" width=\"768\" height=\"1024\" data-id=\"5496\" src=\"https:\/\/www.ski-freunde-kuppenheim.de\/wp\/wp-content\/uploads\/2025\/11\/IMG_2724-768x1024.jpg\" alt=\"\" class=\"wp-image-5496\" srcset=\"https:\/\/www.ski-freunde-kuppenheim.de\/wp\/wp-content\/uploads\/2025\/11\/IMG_2724-768x1024.jpg 768w, https:\/\/www.ski-freunde-kuppenheim.de\/wp\/wp-content\/uploads\/2025\/11\/IMG_2724-225x300.jpg 225w, https:\/\/www.ski-freunde-kuppenheim.de\/wp\/wp-content\/uploads\/2025\/11\/IMG_2724-1152x1536.jpg 1152w, https:\/\/www.ski-freunde-kuppenheim.de\/wp\/wp-content\/uploads\/2025\/11\/IMG_2724-1536x2048.jpg 1536w, https:\/\/www.ski-freunde-kuppenheim.de\/wp\/wp-content\/uploads\/2025\/11\/IMG_2724-scaled.jpg 1920w\" sizes=\"auto, (max-width: 768px) 100vw, 768px\" \/><\/a><\/figure>\n\n\n\n<figure class=\"wp-block-image size-large\"><a href=\"https:\/\/www.ski-freunde-kuppenheim.de\/wp\/wp-content\/uploads\/2025\/11\/IMG_2739-scaled.jpg\"><img loading=\"lazy\" decoding=\"async\" width=\"768\" height=\"1024\" data-id=\"5499\" src=\"https:\/\/www.ski-freunde-kuppenheim.de\/wp\/wp-content\/uploads\/2025\/11\/IMG_2739-768x1024.jpg\" alt=\"\" class=\"wp-image-5499\" srcset=\"https:\/\/www.ski-freunde-kuppenheim.de\/wp\/wp-content\/uploads\/2025\/11\/IMG_2739-768x1024.jpg 768w, https:\/\/www.ski-freunde-kuppenheim.de\/wp\/wp-content\/uploads\/2025\/11\/IMG_2739-225x300.jpg 225w, https:\/\/www.ski-freunde-kuppenheim.de\/wp\/wp-content\/uploads\/2025\/11\/IMG_2739-1152x1536.jpg 1152w, https:\/\/www.ski-freunde-kuppenheim.de\/wp\/wp-content\/uploads\/2025\/11\/IMG_2739-1536x2048.jpg 1536w, https:\/\/www.ski-freunde-kuppenheim.de\/wp\/wp-content\/uploads\/2025\/11\/IMG_2739-scaled.jpg 1920w\" sizes=\"auto, (max-width: 768px) 100vw, 768px\" \/><\/a><\/figure>\n\n\n\n<figure class=\"wp-block-image size-large\"><a href=\"https:\/\/www.ski-freunde-kuppenheim.de\/wp\/wp-content\/uploads\/2025\/11\/IMG_2752.jpg\"><img loading=\"lazy\" decoding=\"async\" width=\"694\" height=\"1024\" data-id=\"5493\" src=\"https:\/\/www.ski-freunde-kuppenheim.de\/wp\/wp-content\/uploads\/2025\/11\/IMG_2752-694x1024.jpg\" alt=\"\" class=\"wp-image-5493\" srcset=\"https:\/\/www.ski-freunde-kuppenheim.de\/wp\/wp-content\/uploads\/2025\/11\/IMG_2752-694x1024.jpg 694w, https:\/\/www.ski-freunde-kuppenheim.de\/wp\/wp-content\/uploads\/2025\/11\/IMG_2752-203x300.jpg 203w, https:\/\/www.ski-freunde-kuppenheim.de\/wp\/wp-content\/uploads\/2025\/11\/IMG_2752-768x1134.jpg 768w, https:\/\/www.ski-freunde-kuppenheim.de\/wp\/wp-content\/uploads\/2025\/11\/IMG_2752-1041x1536.jpg 1041w, https:\/\/www.ski-freunde-kuppenheim.de\/wp\/wp-content\/uploads\/2025\/11\/IMG_2752.jpg 1170w\" sizes=\"auto, (max-width: 694px) 100vw, 694px\" \/><\/a><\/figure>\n\n\n\n<figure class=\"wp-block-image size-large\"><a href=\"https:\/\/www.ski-freunde-kuppenheim.de\/wp\/wp-content\/uploads\/2025\/11\/IMG_2760-scaled.jpg\"><img loading=\"lazy\" decoding=\"async\" width=\"768\" height=\"1024\" data-id=\"5501\" src=\"https:\/\/www.ski-freunde-kuppenheim.de\/wp\/wp-content\/uploads\/2025\/11\/IMG_2760-768x1024.jpg\" alt=\"\" class=\"wp-image-5501\" srcset=\"https:\/\/www.ski-freunde-kuppenheim.de\/wp\/wp-content\/uploads\/2025\/11\/IMG_2760-768x1024.jpg 768w, https:\/\/www.ski-freunde-kuppenheim.de\/wp\/wp-content\/uploads\/2025\/11\/IMG_2760-225x300.jpg 225w, https:\/\/www.ski-freunde-kuppenheim.de\/wp\/wp-content\/uploads\/2025\/11\/IMG_2760-1152x1536.jpg 1152w, https:\/\/www.ski-freunde-kuppenheim.de\/wp\/wp-content\/uploads\/2025\/11\/IMG_2760-1536x2048.jpg 1536w, https:\/\/www.ski-freunde-kuppenheim.de\/wp\/wp-content\/uploads\/2025\/11\/IMG_2760-scaled.jpg 1920w\" sizes=\"auto, (max-width: 768px) 100vw, 768px\" \/><\/a><\/figure>\n\n\n\n<figure class=\"wp-block-image size-large\"><a href=\"https:\/\/www.ski-freunde-kuppenheim.de\/wp\/wp-content\/uploads\/2025\/11\/IMG_2765.jpg\"><img loading=\"lazy\" decoding=\"async\" width=\"725\" height=\"1024\" data-id=\"5494\" src=\"https:\/\/www.ski-freunde-kuppenheim.de\/wp\/wp-content\/uploads\/2025\/11\/IMG_2765-725x1024.jpg\" alt=\"\" class=\"wp-image-5494\" srcset=\"https:\/\/www.ski-freunde-kuppenheim.de\/wp\/wp-content\/uploads\/2025\/11\/IMG_2765-725x1024.jpg 725w, https:\/\/www.ski-freunde-kuppenheim.de\/wp\/wp-content\/uploads\/2025\/11\/IMG_2765-212x300.jpg 212w, https:\/\/www.ski-freunde-kuppenheim.de\/wp\/wp-content\/uploads\/2025\/11\/IMG_2765-768x1084.jpg 768w, https:\/\/www.ski-freunde-kuppenheim.de\/wp\/wp-content\/uploads\/2025\/11\/IMG_2765-1088x1536.jpg 1088w, https:\/\/www.ski-freunde-kuppenheim.de\/wp\/wp-content\/uploads\/2025\/11\/IMG_2765.jpg 1347w\" sizes=\"auto, (max-width: 725px) 100vw, 725px\" \/><\/a><\/figure>\n\n\n\n<figure class=\"wp-block-image size-large\"><a href=\"https:\/\/www.ski-freunde-kuppenheim.de\/wp\/wp-content\/uploads\/2025\/11\/IMG_2767-scaled.jpg\"><img loading=\"lazy\" decoding=\"async\" width=\"1024\" height=\"1024\" data-id=\"5498\" src=\"https:\/\/www.ski-freunde-kuppenheim.de\/wp\/wp-content\/uploads\/2025\/11\/IMG_2767-1024x1024.jpg\" alt=\"\" class=\"wp-image-5498\" srcset=\"https:\/\/www.ski-freunde-kuppenheim.de\/wp\/wp-content\/uploads\/2025\/11\/IMG_2767-1024x1024.jpg 1024w, https:\/\/www.ski-freunde-kuppenheim.de\/wp\/wp-content\/uploads\/2025\/11\/IMG_2767-300x300.jpg 300w, https:\/\/www.ski-freunde-kuppenheim.de\/wp\/wp-content\/uploads\/2025\/11\/IMG_2767-150x150.jpg 150w, https:\/\/www.ski-freunde-kuppenheim.de\/wp\/wp-content\/uploads\/2025\/11\/IMG_2767-768x768.jpg 768w, https:\/\/www.ski-freunde-kuppenheim.de\/wp\/wp-content\/uploads\/2025\/11\/IMG_2767-1536x1536.jpg 1536w, https:\/\/www.ski-freunde-kuppenheim.de\/wp\/wp-content\/uploads\/2025\/11\/IMG_2767-2048x2048.jpg 2048w\" sizes=\"auto, (max-width: 1024px) 100vw, 1024px\" \/><\/a><\/figure>\n\n\n\n<figure class=\"wp-block-image size-large\"><a href=\"https:\/\/www.ski-freunde-kuppenheim.de\/wp\/wp-content\/uploads\/2025\/11\/IMG_4229-scaled.jpg\"><img loading=\"lazy\" decoding=\"async\" width=\"768\" height=\"1024\" data-id=\"5500\" src=\"https:\/\/www.ski-freunde-kuppenheim.de\/wp\/wp-content\/uploads\/2025\/11\/IMG_4229-768x1024.jpg\" alt=\"\" class=\"wp-image-5500\" srcset=\"https:\/\/www.ski-freunde-kuppenheim.de\/wp\/wp-content\/uploads\/2025\/11\/IMG_4229-768x1024.jpg 768w, https:\/\/www.ski-freunde-kuppenheim.de\/wp\/wp-content\/uploads\/2025\/11\/IMG_4229-225x300.jpg 225w, https:\/\/www.ski-freunde-kuppenheim.de\/wp\/wp-content\/uploads\/2025\/11\/IMG_4229-1152x1536.jpg 1152w, https:\/\/www.ski-freunde-kuppenheim.de\/wp\/wp-content\/uploads\/2025\/11\/IMG_4229-1536x2048.jpg 1536w, https:\/\/www.ski-freunde-kuppenheim.de\/wp\/wp-content\/uploads\/2025\/11\/IMG_4229-scaled.jpg 1920w\" sizes=\"auto, (max-width: 768px) 100vw, 768px\" \/><\/a><\/figure>\n<\/figure>\n","protected":false},"excerpt":{"rendered":"<p>Die diesj\u00e4hrige Saisoner\u00f6ffnung in S\u00f6lden w\u00e4hrend der Herbstferien war ein voller Erfolg! Vier fantastische Tage erwarteten 40 Skifreunde \u2013 und sie wurden mit allem belohnt, was das Skifahrerherz h\u00f6her schlagen l\u00e4sst. Von frischem Neuschnee bis hin zu strahlendem Sonnenschein bot das Wetter eine traumhafte Kulisse f\u00fcr unsere ersten Schw\u00fcnge der Saison. Die Pistenbedingungen waren hervorragend &hellip; <a href=\"https:\/\/www.ski-freunde-kuppenheim.de\/wp\/saisoneroeffnung-im-neuen-outfit\/\" class=\"more-link\"><span class=\"screen-reader-text\">Saisoner\u00f6ffnung im neuen Outfit<\/span> weiterlesen <span class=\"meta-nav\">&rarr;<\/span><\/a><\/p>\n","protected":false},"author":4,"featured_media":0,"parent":0,"menu_order":0,"comment_status":"closed","ping_status":"closed","template":"","meta":{"ngg_post_thumbnail":0,"footnotes":""},"class_list":["post-5486","page","type-page","status-publish","hentry"],"_links":{"self":[{"href":"https:\/\/www.ski-freunde-kuppenheim.de\/wp\/wp-json\/wp\/v2\/pages\/5486","targetHints":{"allow":["GET"]}}],"collection":[{"href":"https:\/\/www.ski-freunde-kuppenheim.de\/wp\/wp-json\/wp\/v2\/pages"}],"about":[{"href":"https:\/\/www.ski-freunde-kuppenheim.de\/wp\/wp-json\/wp\/v2\/types\/page"}],"author":[{"embeddable":true,"href":"https:\/\/www.ski-freunde-kuppenheim.de\/wp\/wp-json\/wp\/v2\/users\/4"}],"replies":[{"embeddable":true,"href":"https:\/\/www.ski-freunde-kuppenheim.de\/wp\/wp-json\/wp\/v2\/comments?post=5486"}],"version-history":[{"count":1,"href":"https:\/\/www.ski-freunde-kuppenheim.de\/wp\/wp-json\/wp\/v2\/pages\/5486\/revisions"}],"predecessor-version":[{"id":5502,"href":"https:\/\/www.ski-freunde-kuppenheim.de\/wp\/wp-json\/wp\/v2\/pages\/5486\/revisions\/5502"}],"wp:attachment":[{"href":"https:\/\/www.ski-freunde-kuppenheim.de\/wp\/wp-json\/wp\/v2\/media?parent=5486"}],"curies":[{"name":"wp","href":"https:\/\/api.w.org\/{rel}","templated":true}]}}