{"id":3699,"date":"2022-11-10T15:50:42","date_gmt":"2022-11-10T14:50:42","guid":{"rendered":"https:\/\/www.ski-freunde-kuppenheim.de\/wp\/?page_id=3699"},"modified":"2022-11-10T15:50:43","modified_gmt":"2022-11-10T14:50:43","slug":"bericht-saisoneroeffnung-2022","status":"publish","type":"page","link":"https:\/\/www.ski-freunde-kuppenheim.de\/wp\/bericht-saisoneroeffnung-2022\/","title":{"rendered":"Bericht Saisoner\u00f6ffnung 2022"},"content":{"rendered":"\n<p>Wie jedes Jahr starteten die Ski-Freunde Kuppenheim mit der Skisaison bereits Anfang November im Gletscherskigebiet S\u00f6lden, sowie in der traditionellen Jugendherbergsh\u00fctte in Zwieselstein.<\/p>\n\n\n<div class=\"wp-block-image is-style-default\">\n<figure class=\"aligncenter size-large is-resized\"><a href=\"https:\/\/www.ski-freunde-kuppenheim.de\/wp\/wp-content\/uploads\/2022\/11\/9B5CDF50-3AF6-4495-993A-7C929165E1D4.jpeg\"><img loading=\"lazy\" decoding=\"async\" src=\"https:\/\/www.ski-freunde-kuppenheim.de\/wp\/wp-content\/uploads\/2022\/11\/9B5CDF50-3AF6-4495-993A-7C929165E1D4-1024x816.jpeg\" alt=\"\" class=\"wp-image-3704\" width=\"469\" height=\"373\" srcset=\"https:\/\/www.ski-freunde-kuppenheim.de\/wp\/wp-content\/uploads\/2022\/11\/9B5CDF50-3AF6-4495-993A-7C929165E1D4-1024x816.jpeg 1024w, https:\/\/www.ski-freunde-kuppenheim.de\/wp\/wp-content\/uploads\/2022\/11\/9B5CDF50-3AF6-4495-993A-7C929165E1D4-300x239.jpeg 300w, https:\/\/www.ski-freunde-kuppenheim.de\/wp\/wp-content\/uploads\/2022\/11\/9B5CDF50-3AF6-4495-993A-7C929165E1D4-768x612.jpeg 768w, https:\/\/www.ski-freunde-kuppenheim.de\/wp\/wp-content\/uploads\/2022\/11\/9B5CDF50-3AF6-4495-993A-7C929165E1D4-1536x1225.jpeg 1536w, https:\/\/www.ski-freunde-kuppenheim.de\/wp\/wp-content\/uploads\/2022\/11\/9B5CDF50-3AF6-4495-993A-7C929165E1D4-2048x1633.jpeg 2048w\" sizes=\"auto, (max-width: 469px) 100vw, 469px\" \/><\/a><\/figure>\n<\/div>\n\n\n<p>Anders als in den letzten Jahren, war es uns nicht m\u00f6glich schon am Sonntagabend anzureisen sondern wir durften erst montags morgens um neun Uhr die H\u00fctte betreten und unser Gep\u00e4ck abladen. Von unseren Vorg\u00e4ngern in der H\u00fctte wurde die Wirtin gefragt, warum wir schon so fr\u00fch anreisen d\u00fcrften, da dies normalerweise nicht \u00fcblich sei. Von der Wirtin kam nur ganz trocken zur\u00fcck, dass wenn man 26 Jahre in Folge in die H\u00fctte kommt, man die eine oder andere Freiheit geschenkt bekommt.<br>P\u00fcnktlich, wie die Skifreunde nun mal sind, waren alle trotz des fr\u00fchen Aufstehens zwischen drei und vier Uhr morgens auf der H\u00fctte, um rechtzeitig zu einem klasse Skitag auf dem Gletscher zu sein.<br>Erschreckt haben uns leider nur die Schneeverh\u00e4ltnisse, wie wir sie vorgefunden haben:<br>Normalerweise waren zumindest schon Teile der Talabfahrt sowie die umliegende Abschnitte beschneit, die au\u00dferhalb des Gletschers lagen, welche wir aber trotzdem nicht befahren durften. Dieses Jahr hingegen lag au\u00dfer auf den Gletscherpisten \u00fcberhaupt kein Schnee. Nicht einmal ein klein wenig am Rand.<br>Allerdings wurde nicht nur der Schnee im Laufe unserer vier Skitage besser, sondern auch die Wetterverh\u00e4ltnisse verbesserten sich ungemein, sodass wir an unserem letzten Skitag einen echten Traumtag erleben konnten.<br>Auch von unseren Skikursen\/ Skilehrern her waren wir gut aufgestellt. Dieses Mal hatten wir sogar Anf\u00e4nger mit nur wenig Skierfahrung dabei. Diese wurden von unseren Skilehrern genauso hervorragend unterrichtet, wie die gro\u00dfen Gruppen und alle Gruppen haben innerhalb der vier Tage von ihrem Fahrk\u00f6nnen her einen Riesen Sprung gemacht.<\/p>\n\n\n\n<p>\u201eUnsere\u201c Traditionsh\u00fctte bietet immer die Gelegenheit zum Zusammenkommen von Jung und Alt unter einem Dach.<br>Normalerweise kennt man seine \u201ePappenheimer\u201c schon, die ganz traditionell jedes Jahr mitfahren und kann sich schon am Ende der Ausfahrt darauf freuen, die alt bekannten Gesichter im n\u00e4chsten Jahr wieder zu sehen. Dieses Jahr war es mal ein bisschen anders und auch neue Familien sind mitgekommen, die noch nie dabei waren. So gab es dieses Jahr eine tolle Mischung aus altbekannten und neuen Freunden.<br>Wie jedes Jahr war die Ausfahrt eigentlich komplett ausgebucht und \u00fcberbelegt, dass von vornherein klar war, dass viele Leute auf dem Gang schlafen m\u00fcssen. Dieses Jahr, haben aber leider so viele am Sonntag kurzfristig abgesagt, dass es sich im den \u201eGangschl\u00e4fern\u201c in Grenzen gehalten hat.<\/p>\n\n\n\n<p>Ein weiterer traditioneller Punkt, der sich dieses Jahr ver\u00e4ndert hat, waren die kulinarischen H\u00f6hepunkte der Ausfahrt. Die Skifreunde w\u00e4ren nicht die Skifreunde, wenn sie nicht mit ihren immer dagewesenen Gerichten aufgeboten h\u00e4tten. Von Chili con Carne angefangen \u00fcber Burger mit Maultaschen zu Nudeln mit zweierlei So\u00dfen. Ver\u00e4ndert hat sich dieses Jahr blo\u00df, dass wir nicht nur eine vegetarische Alternative sondern sogar noch eine vegane angeboten haben.<\/p>\n\n\n\n<p>An dieser Stelle m\u00f6chte ich ein herzliches Dankesch\u00f6n an die K\u00fcchenhelfer unter der Aufsicht von Andy aussprechen, die daf\u00fcr sorgen, dass unsere M\u00e4gen w\u00e4hrend unserer gemeinsamen Tage immer sch\u00f6n gef\u00fcllt sind.<br>Ebenso m\u00f6chte ich allen Skilehrern danken, die sich bereit erkl\u00e4rt haben Unterricht zu geben.<br>Zum Schluss m\u00f6chte ich allerdings noch das gr\u00f6\u00dfte Dankesch\u00f6n an Joachim und Simone aussprechen, die den erfolgreichen Saisonstart in S\u00f6lden \u00fcberhaupt erst, durch ihre Organisation m\u00f6glich gemacht haben.<\/p>\n\n\n\n<p>Elisa Schwaiger<\/p>\n\n\n\nngg_shortcode_0_placeholder\n","protected":false},"excerpt":{"rendered":"<p>Wie jedes Jahr starteten die Ski-Freunde Kuppenheim mit der Skisaison bereits Anfang November im Gletscherskigebiet S\u00f6lden, sowie in der traditionellen Jugendherbergsh\u00fctte in Zwieselstein. Anders als in den letzten Jahren, war es uns nicht m\u00f6glich schon am Sonntagabend anzureisen sondern wir durften erst montags morgens um neun Uhr die H\u00fctte betreten und unser Gep\u00e4ck abladen. Von &hellip; <a href=\"https:\/\/www.ski-freunde-kuppenheim.de\/wp\/bericht-saisoneroeffnung-2022\/\" class=\"more-link\"><span class=\"screen-reader-text\">Bericht Saisoner\u00f6ffnung 2022<\/span> weiterlesen <span class=\"meta-nav\">&rarr;<\/span><\/a><\/p>\n","protected":false},"author":4,"featured_media":0,"parent":0,"menu_order":0,"comment_status":"closed","ping_status":"closed","template":"","meta":{"ngg_post_thumbnail":0,"footnotes":""},"class_list":["post-3699","page","type-page","status-publish","hentry"],"_links":{"self":[{"href":"https:\/\/www.ski-freunde-kuppenheim.de\/wp\/wp-json\/wp\/v2\/pages\/3699","targetHints":{"allow":["GET"]}}],"collection":[{"href":"https:\/\/www.ski-freunde-kuppenheim.de\/wp\/wp-json\/wp\/v2\/pages"}],"about":[{"href":"https:\/\/www.ski-freunde-kuppenheim.de\/wp\/wp-json\/wp\/v2\/types\/page"}],"author":[{"embeddable":true,"href":"https:\/\/www.ski-freunde-kuppenheim.de\/wp\/wp-json\/wp\/v2\/users\/4"}],"replies":[{"embeddable":true,"href":"https:\/\/www.ski-freunde-kuppenheim.de\/wp\/wp-json\/wp\/v2\/comments?post=3699"}],"version-history":[{"count":6,"href":"https:\/\/www.ski-freunde-kuppenheim.de\/wp\/wp-json\/wp\/v2\/pages\/3699\/revisions"}],"predecessor-version":[{"id":3710,"href":"https:\/\/www.ski-freunde-kuppenheim.de\/wp\/wp-json\/wp\/v2\/pages\/3699\/revisions\/3710"}],"wp:attachment":[{"href":"https:\/\/www.ski-freunde-kuppenheim.de\/wp\/wp-json\/wp\/v2\/media?parent=3699"}],"curies":[{"name":"wp","href":"https:\/\/api.w.org\/{rel}","templated":true}]}}