{"id":27,"date":"2015-09-30T19:33:26","date_gmt":"2015-09-30T17:33:26","guid":{"rendered":"http:\/\/www.ski-freunde-kuppenheim.de\/wp\/?page_id=27"},"modified":"2025-06-09T10:32:49","modified_gmt":"2025-06-09T08:32:49","slug":"vorstand","status":"publish","type":"page","link":"https:\/\/www.ski-freunde-kuppenheim.de\/wp\/vorstand\/","title":{"rendered":"Vorstand"},"content":{"rendered":"\n<div class=\"wp-block-group\"><div class=\"wp-block-group__inner-container is-layout-constrained wp-block-group-is-layout-constrained\">\n<div class=\"wp-block-columns is-layout-flex wp-container-core-columns-is-layout-9d6595d7 wp-block-columns-is-layout-flex\">\n<div class=\"wp-block-column is-layout-flow wp-block-column-is-layout-flow\" style=\"flex-basis:100%\">\n<h4 class=\"wp-block-heading\"><strong>Vorstand der Ski-Freunde Kuppenheim e.V. <\/strong><\/h4>\n\n\n\n<p>(gew\u00e4hlt am 20.11.2024 f\u00fcr 2 Jahre)<strong><br><\/strong><\/p>\n\n\n\n<div>&nbsp;<\/div>\n\n\n\n<div class=\"wp-block-group\"><div class=\"wp-block-group__inner-container is-layout-constrained wp-block-group-is-layout-constrained\">\n<figure class=\"wp-block-table aligncenter is-style-regular\"><table><tbody><tr><td class=\"has-text-align-center\" data-align=\"center\">\n<div align=\"center\">Johannes Axtmann<\/div>\n<\/td><td class=\"has-text-align-center\" data-align=\"center\">\n<div align=\"center\"><span style=\"font-family: Arial,Helvetica,sans-serif;\">1. Vorsitzender<\/span><\/div>\n<\/td><td class=\"has-text-align-center\" data-align=\"center\"> <img loading=\"lazy\" decoding=\"async\" width=\"90\" height=\"120\" class=\"wp-image-4004\" style=\"width: 90px;\" src=\"https:\/\/www.ski-freunde-kuppenheim.de\/wp\/wp-content\/uploads\/2023\/03\/IMG_5088-scaled.jpeg\" alt=\"\" srcset=\"https:\/\/www.ski-freunde-kuppenheim.de\/wp\/wp-content\/uploads\/2023\/03\/IMG_5088-scaled.jpeg 1920w, https:\/\/www.ski-freunde-kuppenheim.de\/wp\/wp-content\/uploads\/2023\/03\/IMG_5088-225x300.jpeg 225w, https:\/\/www.ski-freunde-kuppenheim.de\/wp\/wp-content\/uploads\/2023\/03\/IMG_5088-768x1024.jpeg 768w, https:\/\/www.ski-freunde-kuppenheim.de\/wp\/wp-content\/uploads\/2023\/03\/IMG_5088-1152x1536.jpeg 1152w, https:\/\/www.ski-freunde-kuppenheim.de\/wp\/wp-content\/uploads\/2023\/03\/IMG_5088-1536x2048.jpeg 1536w\" sizes=\"auto, (max-width: 90px) 100vw, 90px\" \/> <\/td><\/tr><tr><td class=\"has-text-align-center\" data-align=\"center\"> <span style=\"font-family: Arial,Helvetica,sans-serif;\">Rolf Leppin<\/span><\/td><td class=\"has-text-align-center\" data-align=\"center\">\n<div align=\"center\"><span style=\"font-family: Arial,Helvetica,sans-serif;\">2. Vorsitzender<\/span><\/div>\n<\/td><td class=\"has-text-align-center\" data-align=\"center\">&nbsp;<img loading=\"lazy\" decoding=\"async\" width=\"90\" height=\"120\" class=\"wp-image-4007\" style=\"width: 90px;\" src=\"https:\/\/www.ski-freunde-kuppenheim.de\/wp\/wp-content\/uploads\/2023\/03\/IMG_5102-scaled.jpeg\" alt=\"\" srcset=\"https:\/\/www.ski-freunde-kuppenheim.de\/wp\/wp-content\/uploads\/2023\/03\/IMG_5102-scaled.jpeg 1920w, https:\/\/www.ski-freunde-kuppenheim.de\/wp\/wp-content\/uploads\/2023\/03\/IMG_5102-225x300.jpeg 225w, https:\/\/www.ski-freunde-kuppenheim.de\/wp\/wp-content\/uploads\/2023\/03\/IMG_5102-768x1024.jpeg 768w, https:\/\/www.ski-freunde-kuppenheim.de\/wp\/wp-content\/uploads\/2023\/03\/IMG_5102-1152x1536.jpeg 1152w, https:\/\/www.ski-freunde-kuppenheim.de\/wp\/wp-content\/uploads\/2023\/03\/IMG_5102-1536x2048.jpeg 1536w\" sizes=\"auto, (max-width: 90px) 100vw, 90px\" \/><\/td><\/tr><tr><td class=\"has-text-align-center\" data-align=\"center\">\n<div align=\"center\"><span style=\"font-family: Arial,Helvetica,sans-serif;\"> Stephan Schwaiger<\/span><\/div>\n<\/td><td class=\"has-text-align-center\" data-align=\"center\">\n<div align=\"center\"><span style=\"font-family: Arial,Helvetica,sans-serif;\">Schriftf\u00fchrer<\/span><\/div>\n<\/td><td class=\"has-text-align-center\" data-align=\"center\"><img loading=\"lazy\" decoding=\"async\" width=\"90\" height=\"120\" class=\"wp-image-4006\" style=\"width: 90px;\" src=\"https:\/\/www.ski-freunde-kuppenheim.de\/wp\/wp-content\/uploads\/2023\/03\/IMG_5098-scaled.jpeg\" alt=\"\" srcset=\"https:\/\/www.ski-freunde-kuppenheim.de\/wp\/wp-content\/uploads\/2023\/03\/IMG_5098-scaled.jpeg 1920w, https:\/\/www.ski-freunde-kuppenheim.de\/wp\/wp-content\/uploads\/2023\/03\/IMG_5098-225x300.jpeg 225w, https:\/\/www.ski-freunde-kuppenheim.de\/wp\/wp-content\/uploads\/2023\/03\/IMG_5098-768x1024.jpeg 768w, https:\/\/www.ski-freunde-kuppenheim.de\/wp\/wp-content\/uploads\/2023\/03\/IMG_5098-1152x1536.jpeg 1152w, https:\/\/www.ski-freunde-kuppenheim.de\/wp\/wp-content\/uploads\/2023\/03\/IMG_5098-1536x2048.jpeg 1536w\" sizes=\"auto, (max-width: 90px) 100vw, 90px\" \/><\/td><\/tr><tr><td class=\"has-text-align-center\" data-align=\"center\">\n<div align=\"center\"><span style=\"font-family: Arial,Helvetica,sans-serif;\">Wolfgang Eisen<\/span><\/div>\n<\/td><td class=\"has-text-align-center\" data-align=\"center\">\n<div align=\"center\"><span style=\"font-family: Arial,Helvetica,sans-serif;\">Kassenwart<br><\/span><\/div>\n<\/td><td class=\"has-text-align-center\" data-align=\"center\"> <img loading=\"lazy\" decoding=\"async\" width=\"90\" height=\"120\" class=\"wp-image-4476\" style=\"width: 90px;\" src=\"https:\/\/www.ski-freunde-kuppenheim.de\/wp\/wp-content\/uploads\/2023\/11\/Wolfgang.jpg\" alt=\"\" srcset=\"https:\/\/www.ski-freunde-kuppenheim.de\/wp\/wp-content\/uploads\/2023\/11\/Wolfgang.jpg 591w, https:\/\/www.ski-freunde-kuppenheim.de\/wp\/wp-content\/uploads\/2023\/11\/Wolfgang-225x300.jpg 225w\" sizes=\"auto, (max-width: 90px) 100vw, 90px\" \/><div align=\"center\"><\/div><\/td><\/tr><tr><td class=\"has-text-align-center\" data-align=\"center\"> <div align=\"center\"><span style=\"font-family: Arial,Helvetica,sans-serif;\">Christina Holl<\/span><\/div> <\/td><td class=\"has-text-align-center\" data-align=\"center\">\n<div align=\"center\"><span style=\"font-family: Arial,Helvetica,sans-serif;\">Kassenwart<br><\/span><\/div>\n<\/td><td class=\"has-text-align-center\" data-align=\"center\"> <img loading=\"lazy\" decoding=\"async\" width=\"90\" height=\"120\" class=\"wp-image-4475\" style=\"width: 90px;\" src=\"https:\/\/www.ski-freunde-kuppenheim.de\/wp\/wp-content\/uploads\/2023\/11\/Tina.jpg\" alt=\"\" srcset=\"https:\/\/www.ski-freunde-kuppenheim.de\/wp\/wp-content\/uploads\/2023\/11\/Tina.jpg 591w, https:\/\/www.ski-freunde-kuppenheim.de\/wp\/wp-content\/uploads\/2023\/11\/Tina-225x300.jpg 225w\" sizes=\"auto, (max-width: 90px) 100vw, 90px\" \/><div align=\"center\"><\/div><\/td><\/tr><tr><td class=\"has-text-align-center\" data-align=\"center\">\n<div align=\"center\"><span style=\"font-family: Arial,Helvetica,sans-serif;\"> Martina Kaiser<\/span><\/div>\n<\/td><td class=\"has-text-align-center\" data-align=\"center\">\n<div align=\"center\"><span style=\"font-family: Arial,Helvetica,sans-serif;\">Pressewart<\/span><\/div>\n<\/td><td class=\"has-text-align-center\" data-align=\"center\"> <img loading=\"lazy\" decoding=\"async\" width=\"90\" height=\"120\" class=\"wp-image-4474\" style=\"width: 90px;\" src=\"https:\/\/www.ski-freunde-kuppenheim.de\/wp\/wp-content\/uploads\/2023\/11\/Martina.jpg\" alt=\"\" srcset=\"https:\/\/www.ski-freunde-kuppenheim.de\/wp\/wp-content\/uploads\/2023\/11\/Martina.jpg 591w, https:\/\/www.ski-freunde-kuppenheim.de\/wp\/wp-content\/uploads\/2023\/11\/Martina-225x300.jpg 225w\" sizes=\"auto, (max-width: 90px) 100vw, 90px\" \/><div align=\"center\"><\/div><\/td><\/tr><tr><td class=\"has-text-align-center\" data-align=\"center\">\n<div align=\"center\"><span style=\"font-family: Arial,Helvetica,sans-serif;\">Roland Leppin<\/span><\/div>\n<\/td><td class=\"has-text-align-center\" data-align=\"center\">\n<div align=\"center\"><span style=\"font-family: Arial,Helvetica,sans-serif;\">Beisitz<br><\/span><\/div>\n<\/td><td class=\"has-text-align-center\" data-align=\"center\"> <img loading=\"lazy\" decoding=\"async\" width=\"90\" height=\"120\" class=\"wp-image-4471\" style=\"width: 90px;\" src=\"https:\/\/www.ski-freunde-kuppenheim.de\/wp\/wp-content\/uploads\/2023\/11\/Role.jpg\" alt=\"\" srcset=\"https:\/\/www.ski-freunde-kuppenheim.de\/wp\/wp-content\/uploads\/2023\/11\/Role.jpg 591w, https:\/\/www.ski-freunde-kuppenheim.de\/wp\/wp-content\/uploads\/2023\/11\/Role-225x300.jpg 225w\" sizes=\"auto, (max-width: 90px) 100vw, 90px\" \/><span style=\"font-family: inherit; font-size: inherit; font-weight: inherit;\"> <\/span><\/td><\/tr><tr><td class=\"has-text-align-center\" data-align=\"center\">\n<div align=\"center\"><span style=\"font-family: Arial,Helvetica,sans-serif;\"> Nils Wiesemann<\/span><\/div>\n<\/td><td class=\"has-text-align-center\" data-align=\"center\">\n<div align=\"center\"><span style=\"font-family: Arial,Helvetica,sans-serif;\">Skischulleiter<br><\/span><\/div>\n<\/td><td class=\"has-text-align-center\" data-align=\"center\"><div align=\"center\">\n<img decoding=\"async\" class=\"wp-image-4471\" style=\"width: 90px;\" src=\"https:\/\/www.ski-freunde-kuppenheim.de\/wp\/wp-content\/uploads\/2025\/06\/aaaaaaaNils.jpg\" alt=\"\"> \n<\/div><\/td><\/tr><tr><td class=\"has-text-align-center\" data-align=\"center\">\n<div align=\"center\"><span style=\"font-family: Arial,Helvetica,sans-serif;\">Joachim P\u00fctz<\/span><\/div>\n<\/td><td class=\"has-text-align-center\" data-align=\"center\">\n<div align=\"center\"><span style=\"font-family: Arial,Helvetica,sans-serif;\">Sportwart<br><\/span><\/div>\n<\/td><td class=\"has-text-align-center\" data-align=\"center\"> <img loading=\"lazy\" decoding=\"async\" width=\"90\" height=\"120\" class=\"wp-image-4009\" style=\"width: 90px;\" src=\"https:\/\/www.ski-freunde-kuppenheim.de\/wp\/wp-content\/uploads\/2023\/03\/IMG_5111-scaled.jpeg\" alt=\"\" srcset=\"https:\/\/www.ski-freunde-kuppenheim.de\/wp\/wp-content\/uploads\/2023\/03\/IMG_5111-scaled.jpeg 1920w, https:\/\/www.ski-freunde-kuppenheim.de\/wp\/wp-content\/uploads\/2023\/03\/IMG_5111-225x300.jpeg 225w, https:\/\/www.ski-freunde-kuppenheim.de\/wp\/wp-content\/uploads\/2023\/03\/IMG_5111-768x1024.jpeg 768w, https:\/\/www.ski-freunde-kuppenheim.de\/wp\/wp-content\/uploads\/2023\/03\/IMG_5111-1152x1536.jpeg 1152w, https:\/\/www.ski-freunde-kuppenheim.de\/wp\/wp-content\/uploads\/2023\/03\/IMG_5111-1536x2048.jpeg 1536w\" sizes=\"auto, (max-width: 90px) 100vw, 90px\" \/> <\/td><\/tr><tr><td class=\"has-text-align-center\" data-align=\"center\">\n<div align=\"center\"><span style=\"font-family: Arial,Helvetica,sans-serif;\">Luke Leppin<\/span><\/div>\n<\/td><td class=\"has-text-align-center\" data-align=\"center\">\n<div align=\"center\"><span style=\"font-family: Arial,Helvetica,sans-serif;\">Tourenwart<br><\/span><\/div>\n<\/td><td class=\"has-text-align-center\" data-align=\"center\"> <img loading=\"lazy\" decoding=\"async\" width=\"90\" height=\"125\" class=\"wp-image-4005\" style=\"width: 90px;\" src=\"https:\/\/www.ski-freunde-kuppenheim.de\/wp\/wp-content\/uploads\/2023\/03\/IMG_5094-scaled-e1678216190429.jpeg\" alt=\"\" srcset=\"https:\/\/www.ski-freunde-kuppenheim.de\/wp\/wp-content\/uploads\/2023\/03\/IMG_5094-scaled-e1678216190429.jpeg 1600w, https:\/\/www.ski-freunde-kuppenheim.de\/wp\/wp-content\/uploads\/2023\/03\/IMG_5094-scaled-e1678216190429-217x300.jpeg 217w, https:\/\/www.ski-freunde-kuppenheim.de\/wp\/wp-content\/uploads\/2023\/03\/IMG_5094-scaled-e1678216190429-740x1024.jpeg 740w, https:\/\/www.ski-freunde-kuppenheim.de\/wp\/wp-content\/uploads\/2023\/03\/IMG_5094-scaled-e1678216190429-768x1063.jpeg 768w, https:\/\/www.ski-freunde-kuppenheim.de\/wp\/wp-content\/uploads\/2023\/03\/IMG_5094-scaled-e1678216190429-1110x1536.jpeg 1110w, https:\/\/www.ski-freunde-kuppenheim.de\/wp\/wp-content\/uploads\/2023\/03\/IMG_5094-scaled-e1678216190429-1480x2048.jpeg 1480w\" sizes=\"auto, (max-width: 90px) 100vw, 90px\" \/><div align=\"center\"><\/div><\/td><\/tr><tr><td class=\"has-text-align-center\" data-align=\"center\">\n<div align=\"center\"><span style=\"font-family: Arial,Helvetica,sans-serif;\">Fabian Herr<\/span><\/div>\n<\/td><td class=\"has-text-align-center\" data-align=\"center\">\n<div align=\"center\"><span style=\"font-family: Arial,Helvetica,sans-serif;\">Skischulleiter<\/span><\/div>\n<\/td><td class=\"has-text-align-center\" data-align=\"center\"><div align=\"center\"> <img decoding=\"async\" class=\"wp-image-3795\" style=\"width: 90px;\" src=\"https:\/\/www.ski-freunde-kuppenheim.de\/wp\/wp-content\/uploads\/2025\/06\/aaaaaaaFabian.jpg\" alt=\"\"><\/div><\/td><\/tr><tr><td class=\"has-text-align-center\" data-align=\"center\">\n<div align=\"center\"><span style=\"font-family: Arial,Helvetica,sans-serif;\">Andreas Gerber<\/span><\/div>\n<\/td><td class=\"has-text-align-center\" data-align=\"center\"><div align=\"center\"><span style=\"font-family: Arial,Helvetica,sans-serif;\">Eventmanager<\/span><span style=\"font-family: inherit; font-size: inherit; font-weight: inherit;\"><\/span><\/div><\/td><td class=\"has-text-align-center\" data-align=\"center\"> <img loading=\"lazy\" decoding=\"async\" width=\"90\" height=\"120\" class=\"wp-image-4003\" style=\"width: 90px;\" src=\"https:\/\/www.ski-freunde-kuppenheim.de\/wp\/wp-content\/uploads\/2023\/03\/IMG_5083-scaled.jpeg\" alt=\"\" srcset=\"https:\/\/www.ski-freunde-kuppenheim.de\/wp\/wp-content\/uploads\/2023\/03\/IMG_5083-scaled.jpeg 1920w, https:\/\/www.ski-freunde-kuppenheim.de\/wp\/wp-content\/uploads\/2023\/03\/IMG_5083-225x300.jpeg 225w, https:\/\/www.ski-freunde-kuppenheim.de\/wp\/wp-content\/uploads\/2023\/03\/IMG_5083-768x1024.jpeg 768w, https:\/\/www.ski-freunde-kuppenheim.de\/wp\/wp-content\/uploads\/2023\/03\/IMG_5083-1152x1536.jpeg 1152w, https:\/\/www.ski-freunde-kuppenheim.de\/wp\/wp-content\/uploads\/2023\/03\/IMG_5083-1536x2048.jpeg 1536w\" sizes=\"auto, (max-width: 90px) 100vw, 90px\" \/> <\/td><\/tr><tr><td class=\"has-text-align-center\" data-align=\"center\">\n<div align=\"center\"><span style=\"font-family: Arial,Helvetica,sans-serif;\">Elisa Schwaiger<\/span><\/div>\n<\/td><td class=\"has-text-align-center\" data-align=\"center\"><div align=\"center\"><span style=\"font-family: Arial,Helvetica,sans-serif;\">1. Jugendvorsitzende<\/span><span style=\"font-family: inherit; font-size: inherit; font-weight: inherit;\"><\/span><\/div><\/td><td class=\"has-text-align-center\" data-align=\"center\"> <img decoding=\"async\" class=\"wp-image-4003\" style=\"width: 90px;\" src=\"https:\/\/www.ski-freunde-kuppenheim.de\/wp\/wp-content\/uploads\/2023\/11\/Elisa.jpg\" alt=\"\"> <\/td><\/tr><tr><td class=\"has-text-align-center\" data-align=\"center\">Emely Peter<\/td><td class=\"has-text-align-center\" data-align=\"center\"><div align=\"center\"><span style=\"font-family: Arial,Helvetica,sans-serif;\">2. Jugendvorsitzende<br><\/span><\/div><\/td><td class=\"has-text-align-center\" data-align=\"center\"><img decoding=\"async\" class=\"wp-image-4473\" style=\"width: 90px;\" src=\"https:\/\/www.ski-freunde-kuppenheim.de\/wp\/wp-content\/uploads\/2025\/06\/AAAAA-emely.jpg\" alt=\"\">\n<div align=\"center\"><\/div><\/td><\/tr><\/tbody><\/table><\/figure>\n<\/div><\/div>\n<\/div>\n<\/div>\n<\/div><\/div>\n\n\n\n<p><\/p>\n","protected":false},"excerpt":{"rendered":"<p>Vorstand der Ski-Freunde Kuppenheim e.V. (gew\u00e4hlt am 20.11.2024 f\u00fcr 2 Jahre) &nbsp; Johannes Axtmann 1. Vorsitzender Rolf Leppin 2. Vorsitzender &nbsp; Stephan Schwaiger Schriftf\u00fchrer Wolfgang Eisen Kassenwart Christina Holl Kassenwart Martina Kaiser Pressewart Roland Leppin Beisitz Nils Wiesemann Skischulleiter Joachim P\u00fctz Sportwart Luke Leppin Tourenwart Fabian Herr Skischulleiter Andreas Gerber Eventmanager Elisa Schwaiger 1. Jugendvorsitzende &hellip; <a href=\"https:\/\/www.ski-freunde-kuppenheim.de\/wp\/vorstand\/\" class=\"more-link\"><span class=\"screen-reader-text\">Vorstand<\/span> weiterlesen <span class=\"meta-nav\">&rarr;<\/span><\/a><\/p>\n","protected":false},"author":1,"featured_media":0,"parent":0,"menu_order":0,"comment_status":"closed","ping_status":"closed","template":"","meta":{"ngg_post_thumbnail":0,"footnotes":""},"class_list":["post-27","page","type-page","status-publish","hentry"],"_links":{"self":[{"href":"https:\/\/www.ski-freunde-kuppenheim.de\/wp\/wp-json\/wp\/v2\/pages\/27","targetHints":{"allow":["GET"]}}],"collection":[{"href":"https:\/\/www.ski-freunde-kuppenheim.de\/wp\/wp-json\/wp\/v2\/pages"}],"about":[{"href":"https:\/\/www.ski-freunde-kuppenheim.de\/wp\/wp-json\/wp\/v2\/types\/page"}],"author":[{"embeddable":true,"href":"https:\/\/www.ski-freunde-kuppenheim.de\/wp\/wp-json\/wp\/v2\/users\/1"}],"replies":[{"embeddable":true,"href":"https:\/\/www.ski-freunde-kuppenheim.de\/wp\/wp-json\/wp\/v2\/comments?post=27"}],"version-history":[{"count":55,"href":"https:\/\/www.ski-freunde-kuppenheim.de\/wp\/wp-json\/wp\/v2\/pages\/27\/revisions"}],"predecessor-version":[{"id":5326,"href":"https:\/\/www.ski-freunde-kuppenheim.de\/wp\/wp-json\/wp\/v2\/pages\/27\/revisions\/5326"}],"wp:attachment":[{"href":"https:\/\/www.ski-freunde-kuppenheim.de\/wp\/wp-json\/wp\/v2\/media?parent=27"}],"curies":[{"name":"wp","href":"https:\/\/api.w.org\/{rel}","templated":true}]}}