{"id":1414,"date":"2018-03-08T12:52:33","date_gmt":"2018-03-08T11:52:33","guid":{"rendered":"http:\/\/www.ski-freunde-kuppenheim.de\/wp\/?page_id=1414"},"modified":"2019-12-23T15:05:33","modified_gmt":"2019-12-23T14:05:33","slug":"unser-neuer-vereinsanzug","status":"publish","type":"page","link":"https:\/\/www.ski-freunde-kuppenheim.de\/wp\/unser-neuer-vereinsanzug\/","title":{"rendered":"Bestellung Vereinsanzug"},"content":{"rendered":"<p>Bis 31. Januar kann letztmalig unser derzeitiger Vereinsanzug nachbestellt werden. Jedes Mitglied kann von den Verg\u00fcnstigungen profitieren.<\/p>\n<p>Der Kauf des <strong>neuen Skianzuges mit Stick<\/strong> ist f\u00fcr Kinder (128-176) und Erwachsene (auch Kurz- und Langgr\u00f6\u00dfen) m\u00f6glich.<\/p>\n<p>Liefertermin ist vor Weihnachten 2020.<\/p>\nngg_shortcode_0_placeholder\n<p>&nbsp;<\/p>\n<p>Bitte meldet euch schnellstm\u00f6glich bei Joachim P\u00fctz, wenn ihr Interesse oder fragen habt unter 07841-62 77 11 8 oder <a href=\"joachim@ski-freunde-kuppenheim.de\">per Mail<\/a>.<\/p>\n<p>&nbsp;<\/p>\n<p><strong><u>Kosten<\/u><\/strong><\/p>\n<p><strong>Jacke (wattiert oder unwattiert, als 3 Layer)<\/strong><\/p>\n<p>Erwachsene&nbsp; &nbsp; &nbsp; &nbsp;ca. 380 \u20ac statt im Einzelverkauf 530 \u20ac&nbsp;&nbsp;&nbsp;&nbsp;&nbsp;&nbsp;&nbsp;&nbsp;&nbsp;&nbsp;&nbsp;&nbsp;&nbsp;&nbsp;&nbsp;&nbsp;&nbsp;&nbsp;&nbsp;&nbsp;&nbsp;&nbsp;&nbsp;&nbsp;&nbsp;&nbsp;&nbsp;<\/p>\n<p>Kinder&nbsp; &nbsp; &nbsp; &nbsp; &nbsp; &nbsp; &nbsp; &nbsp; &nbsp; ca. 280 \u20ac statt im Einzelverkauf 396 \u20ac<\/p>\n<p><strong>Hose (wattiert)<\/strong><\/p>\n<p>Erwachsene&nbsp; &nbsp; &nbsp; &nbsp;ca. 230 \u20ac statt im Einzelverkauf 300 \u20ac<\/p>\n<p>Kinder&nbsp; &nbsp; &nbsp; &nbsp; &nbsp; &nbsp; &nbsp; &nbsp; &nbsp; ca. 150 \u20ac statt im Einzelverkauf 230 \u20ac<\/p>\n<p>&nbsp;<\/p>\n<p><strong><em>Die Skifreunde freuen sich auf reges Interesse!<\/em><\/strong><\/p>\n<p>Simone und Joachim P\u00fctz<\/p>\n","protected":false},"excerpt":{"rendered":"<p>Bis 31. Januar kann letztmalig unser derzeitiger Vereinsanzug nachbestellt werden. Jedes Mitglied kann von den Verg\u00fcnstigungen profitieren. Der Kauf des neuen Skianzuges mit Stick ist f\u00fcr Kinder (128-176) und Erwachsene (auch Kurz- und Langgr\u00f6\u00dfen) m\u00f6glich. Liefertermin ist vor Weihnachten 2020. &#8220; order_by=&#8220;sortorder&#8220; order_direction=&#8220;ASC&#8220; returns=&#8220;included&#8220; maximum_entity_count=&#8220;500&#8243;]&nbsp; &nbsp; Bitte meldet euch schnellstm\u00f6glich bei Joachim P\u00fctz, wenn ihr &hellip; <a href=\"https:\/\/www.ski-freunde-kuppenheim.de\/wp\/unser-neuer-vereinsanzug\/\" class=\"more-link\"><span class=\"screen-reader-text\">Bestellung Vereinsanzug<\/span> weiterlesen <span class=\"meta-nav\">&rarr;<\/span><\/a><\/p>\n","protected":false},"author":4,"featured_media":0,"parent":0,"menu_order":0,"comment_status":"closed","ping_status":"closed","template":"","meta":{"ngg_post_thumbnail":0,"footnotes":""},"class_list":["post-1414","page","type-page","status-publish","hentry"],"_links":{"self":[{"href":"https:\/\/www.ski-freunde-kuppenheim.de\/wp\/wp-json\/wp\/v2\/pages\/1414","targetHints":{"allow":["GET"]}}],"collection":[{"href":"https:\/\/www.ski-freunde-kuppenheim.de\/wp\/wp-json\/wp\/v2\/pages"}],"about":[{"href":"https:\/\/www.ski-freunde-kuppenheim.de\/wp\/wp-json\/wp\/v2\/types\/page"}],"author":[{"embeddable":true,"href":"https:\/\/www.ski-freunde-kuppenheim.de\/wp\/wp-json\/wp\/v2\/users\/4"}],"replies":[{"embeddable":true,"href":"https:\/\/www.ski-freunde-kuppenheim.de\/wp\/wp-json\/wp\/v2\/comments?post=1414"}],"version-history":[{"count":15,"href":"https:\/\/www.ski-freunde-kuppenheim.de\/wp\/wp-json\/wp\/v2\/pages\/1414\/revisions"}],"predecessor-version":[{"id":2722,"href":"https:\/\/www.ski-freunde-kuppenheim.de\/wp\/wp-json\/wp\/v2\/pages\/1414\/revisions\/2722"}],"wp:attachment":[{"href":"https:\/\/www.ski-freunde-kuppenheim.de\/wp\/wp-json\/wp\/v2\/media?parent=1414"}],"curies":[{"name":"wp","href":"https:\/\/api.w.org\/{rel}","templated":true}]}}