{"id":1270,"date":"2017-11-05T19:42:17","date_gmt":"2017-11-05T18:42:17","guid":{"rendered":"http:\/\/www.ski-freunde-kuppenheim.de\/wp\/?page_id=1270"},"modified":"2017-11-05T19:49:15","modified_gmt":"2017-11-05T18:49:15","slug":"super-saisonstart-der-skifreunde","status":"publish","type":"page","link":"https:\/\/www.ski-freunde-kuppenheim.de\/wp\/beitraege\/super-saisonstart-der-skifreunde\/","title":{"rendered":"Super Saisonstart der Skifreunde"},"content":{"rendered":"<p>Auch diese Saison ging die erste Ausfahrt der Skifreunde wieder auf die Gletscher nach S\u00f6lden und zum \u00dcbernachten in die DAV-H\u00fctten in Zwieselstein.<\/p>\n<p>Die meisten von uns reisten schon am Sonntag an. An dem Tag fegte gerade das Sturmtief \u201eHerwart\u201c \u00fcber Deutschland. In S\u00f6lden wurde deshalb das Skiweltcuprennen der Herren abgesagt und das ganze Skigebiet wurde sonntags gesperrt.<\/p>\n<p>Doch am Montagmorgen wurden wir mit Sonnenschein und Neuschnee auf den Pisten begr\u00fc\u00dft und bis auf ein paar harmlose W\u00f6lkchen an einem Vormittag blieb das Wetter vier Tage lang kaiserlich.<\/p>\nngg_shortcode_0_placeholder\n<p>Krankheitsbedingt mussten dieses Jahr leider einige Skilehrer absagen, sodass wir offiziell nur drei Skilehrer dabei hatten. Zum Gl\u00fcck erkl\u00e4rten sich aber Julia und Andy bereit auszuhelfen und einige Jugendliche durften sich erstmals als Skikurshelfer versuchen. Damit war es auch dieses Jahr m\u00f6glich, kleine Gruppen zu bilden in denen wieder viel gelernt werden konnte.<\/p>\n<p>Die Abende verbrachten wir gemeinsam in der kuscheligen H\u00fctte beim Toben im Matratzenlager (eher die Kleineren), mit Spielen und Lachen (Gro\u00dfe und Kleine) und gem\u00fctlichen Gespr\u00e4chen (eher die Gr\u00f6\u00dferen).<\/p>\n<p>Wie in den letzten Jahren wurde wieder lecker gemeinsam gekocht (unter Chefkoch Andreas) und miteinander gegessen.<\/p>\n<p>Ganz besonders danken alle Simone und Joachim, die wieder einmal alles perfekt organisiert haben.<\/p>\n<p>Das Sturmtief \u201eHerwart\u201c hatte \u00fcbrigens noch etwas ganz besonders Gutes: Durch den Neuschnee und das ausgefallene Herren-Rennen war die Weltcupabfahrt \u00fcberhaupt nicht vereist und so gut zu befahren, wie noch in keinem Jahr zuvor.<\/p>\n<p><em>(Elisa Schwaiger)<\/em><\/p>\n","protected":false},"excerpt":{"rendered":"<p>Auch diese Saison ging die erste Ausfahrt der Skifreunde wieder auf die Gletscher nach S\u00f6lden und zum \u00dcbernachten in die DAV-H\u00fctten in Zwieselstein. Die meisten von uns reisten schon am Sonntag an. An dem Tag fegte gerade das Sturmtief \u201eHerwart\u201c \u00fcber Deutschland. In S\u00f6lden wurde deshalb das Skiweltcuprennen der Herren abgesagt und das ganze Skigebiet &hellip; <a href=\"https:\/\/www.ski-freunde-kuppenheim.de\/wp\/beitraege\/super-saisonstart-der-skifreunde\/\" class=\"more-link\"><span class=\"screen-reader-text\">Super Saisonstart der Skifreunde<\/span> weiterlesen <span class=\"meta-nav\">&rarr;<\/span><\/a><\/p>\n","protected":false},"author":4,"featured_media":0,"parent":13,"menu_order":0,"comment_status":"closed","ping_status":"closed","template":"","meta":{"ngg_post_thumbnail":0,"footnotes":""},"class_list":["post-1270","page","type-page","status-publish","hentry"],"_links":{"self":[{"href":"https:\/\/www.ski-freunde-kuppenheim.de\/wp\/wp-json\/wp\/v2\/pages\/1270","targetHints":{"allow":["GET"]}}],"collection":[{"href":"https:\/\/www.ski-freunde-kuppenheim.de\/wp\/wp-json\/wp\/v2\/pages"}],"about":[{"href":"https:\/\/www.ski-freunde-kuppenheim.de\/wp\/wp-json\/wp\/v2\/types\/page"}],"author":[{"embeddable":true,"href":"https:\/\/www.ski-freunde-kuppenheim.de\/wp\/wp-json\/wp\/v2\/users\/4"}],"replies":[{"embeddable":true,"href":"https:\/\/www.ski-freunde-kuppenheim.de\/wp\/wp-json\/wp\/v2\/comments?post=1270"}],"version-history":[{"count":6,"href":"https:\/\/www.ski-freunde-kuppenheim.de\/wp\/wp-json\/wp\/v2\/pages\/1270\/revisions"}],"predecessor-version":[{"id":1298,"href":"https:\/\/www.ski-freunde-kuppenheim.de\/wp\/wp-json\/wp\/v2\/pages\/1270\/revisions\/1298"}],"up":[{"embeddable":true,"href":"https:\/\/www.ski-freunde-kuppenheim.de\/wp\/wp-json\/wp\/v2\/pages\/13"}],"wp:attachment":[{"href":"https:\/\/www.ski-freunde-kuppenheim.de\/wp\/wp-json\/wp\/v2\/media?parent=1270"}],"curies":[{"name":"wp","href":"https:\/\/api.w.org\/{rel}","templated":true}]}}